{"id":283,"date":"2026-04-29T14:13:55","date_gmt":"2026-04-29T12:13:55","guid":{"rendered":"https:\/\/share-arts.org\/?page_id=283"},"modified":"2026-04-29T19:16:28","modified_gmt":"2026-04-29T17:16:28","slug":"produit-modele","status":"publish","type":"page","link":"https:\/\/share-arts.org\/?page_id=283","title":{"rendered":"Soir\u00e9e de lancement"},"content":{"rendered":"\t\t<div data-elementor-type=\"wp-page\" data-elementor-id=\"283\" class=\"elementor elementor-283\">\n\t\t\t\t<div class=\"elementor-element elementor-element-9ffc7b9 e-flex e-con-boxed e-con e-parent\" data-id=\"9ffc7b9\" data-element_type=\"container\" data-e-type=\"container\">\n\t\t\t\t\t<div class=\"e-con-inner\">\n\t\t<div class=\"elementor-element elementor-element-17b8522 e-con-full e-flex e-con e-child\" data-id=\"17b8522\" data-element_type=\"container\" data-e-type=\"container\">\n\t\t\t\t\t\t\t\n\t\t\t<img class=\"e-image-base e-c0215ec-3310763\" \n\t\t\t\t\tdata-interaction-id=\"c0215ec\" \n\t\t \n\t\t \n\t\t\t\t\t\t\t\t\tid=\"288\"\n\t\t\t\t\t\t\t\t\t\t\t\tsrc=\"https:\/\/share-arts.org\/wp-content\/uploads\/2026\/04\/OlivierC_Web.jpg\"\n\t\t\t\t\t\t\t\t\t\t\t\twidth=\"600\"\n\t\t\t\t\t\t\t\t\t\t\t\theight=\"600\"\n\t\t\t\t\t\t\t\t\t\t\t\tsrcset=\"https:\/\/share-arts.org\/wp-content\/uploads\/2026\/04\/OlivierC_Web.jpg 600w, https:\/\/share-arts.org\/wp-content\/uploads\/2026\/04\/OlivierC_Web-300x300.jpg 300w, https:\/\/share-arts.org\/wp-content\/uploads\/2026\/04\/OlivierC_Web-150x150.jpg 150w\"\n\t\t\t\t\t\t\t\t\t\t\t\talt=\"\"\n\t\t\t\t\t\t\/>\n\t\t\t\t\t<\/div>\n\t\t<div class=\"elementor-element elementor-element-06c2676 e-con-full e-flex e-con e-child\" data-id=\"06c2676\" data-element_type=\"container\" data-e-type=\"container\">\n\t\t\t\t\t\t\t\n\t\t\t<img class=\"e-image-base e-69973da-baabf06\" \n\t\t\t\t\tdata-interaction-id=\"69973da\" \n\t\t \n\t\t \n\t\t\t\t\t\t\t\t\tid=\"296\"\n\t\t\t\t\t\t\t\t\t\t\t\tsrc=\"https:\/\/share-arts.org\/wp-content\/uploads\/2026\/04\/Olivier-Clavel_500x500.jpg\"\n\t\t\t\t\t\t\t\t\t\t\t\twidth=\"500\"\n\t\t\t\t\t\t\t\t\t\t\t\theight=\"500\"\n\t\t\t\t\t\t\t\t\t\t\t\tsrcset=\"https:\/\/share-arts.org\/wp-content\/uploads\/2026\/04\/Olivier-Clavel_500x500.jpg 500w, https:\/\/share-arts.org\/wp-content\/uploads\/2026\/04\/Olivier-Clavel_500x500-300x300.jpg 300w, https:\/\/share-arts.org\/wp-content\/uploads\/2026\/04\/Olivier-Clavel_500x500-150x150.jpg 150w\"\n\t\t\t\t\t\t\t\t\t\t\t\talt=\"\"\n\t\t\t\t\t\t\/>\n\t\t\t\t\t<\/div>\n\t\t\t\t\t<\/div>\n\t\t\t\t<\/div>\n\t\t<div class=\"elementor-element elementor-element-a05e190 e-flex e-con-boxed e-con e-parent\" data-id=\"a05e190\" data-element_type=\"container\" data-e-type=\"container\">\n\t\t\t\t\t<div class=\"e-con-inner\">\n\t\t<div class=\"elementor-element elementor-element-2f1099a e-con-full e-flex e-con e-child\" data-id=\"2f1099a\" data-element_type=\"container\" data-e-type=\"container\">\n\t\t\t\t<div class=\"elementor-element elementor-element-d493dcb elementor-widget elementor-widget-heading\" data-id=\"d493dcb\" data-element_type=\"widget\" data-e-type=\"widget\" data-widget_type=\"heading.default\">\n\t\t\t\t\t<h2 class=\"elementor-heading-title elementor-size-default\">Soir\u00e9e de lancement<\/h2>\t\t\t\t<\/div>\n\t\t\t\t<div class=\"elementor-element elementor-element-1fd6b83 elementor-widget elementor-widget-spacer\" data-id=\"1fd6b83\" data-element_type=\"widget\" data-e-type=\"widget\" data-widget_type=\"spacer.default\">\n\t\t\t\t\t\t\t<div class=\"elementor-spacer\">\n\t\t\t<div class=\"elementor-spacer-inner\"><\/div>\n\t\t<\/div>\n\t\t\t\t\t\t<\/div>\n\t\t\t\t<div class=\"elementor-element elementor-element-d00ec7d elementor-widget elementor-widget-text-editor\" data-id=\"d00ec7d\" data-element_type=\"widget\" data-e-type=\"widget\" data-widget_type=\"text-editor.default\">\n\t\t\t\t\t\t\t\t\t<p>Nous avons le plaisir de vous inviter \u00e0 la soir\u00e9e de lancement de l\u2019association, organis\u00e9e dans l\u2019atelier de l\u2019artiste Olivier Calvel, \u00e0 Mougins.<\/p><p>Ce premier rendez-vous sera l\u2019occasion de d\u00e9couvrir l\u2019esprit du projet, de rencontrer un artiste dans son lieu de cr\u00e9ation et de partager un moment simple, chaleureux et convivial autour de l\u2019art et de la culture.<\/p><p>L\u2019association est n\u00e9e d\u2019une envie forte : cr\u00e9er du lien par la culture, ouvrir des portes, favoriser les rencontres et proposer des moments accessibles, vivants et ouverts \u00e0 tous.<\/p><p>Pour cette soir\u00e9e inaugurale, Olivier Calvel nous accueille dans son atelier pour nous faire d\u00e9couvrir son travail, son univers et sa d\u00e9marche artistique, dans un cadre propice \u00e0 l\u2019\u00e9change et \u00e0 la curiosit\u00e9.<\/p><p>Nous serons tr\u00e8s heureux de vous accueillir pour ce premier moment de partage et de lancement.<\/p>\t\t\t\t\t\t\t\t<\/div>\n\t\t\t\t<\/div>\n\t\t<div class=\"elementor-element elementor-element-696fd38 e-con-full e-flex e-con e-child\" data-id=\"696fd38\" data-element_type=\"container\" data-e-type=\"container\">\n\t\t\t\t<div class=\"elementor-element elementor-element-362dee8 elementor-widget elementor-widget-heading\" data-id=\"362dee8\" data-element_type=\"widget\" data-e-type=\"widget\" data-widget_type=\"heading.default\">\n\t\t\t\t\t<h2 class=\"elementor-heading-title elementor-size-default\">Date<\/h2>\t\t\t\t<\/div>\n\t\t\t\t<div class=\"elementor-element elementor-element-d5059cf elementor-widget elementor-widget-text-editor\" data-id=\"d5059cf\" data-element_type=\"widget\" data-e-type=\"widget\" data-widget_type=\"text-editor.default\">\n\t\t\t\t\t\t\t\t\t<p>Le 28 mai 2026, de 18h \u00e0 21h<\/p>\t\t\t\t\t\t\t\t<\/div>\n\t\t\t\t<div class=\"elementor-element elementor-element-35a70ef elementor-widget elementor-widget-heading\" data-id=\"35a70ef\" data-element_type=\"widget\" data-e-type=\"widget\" data-widget_type=\"heading.default\">\n\t\t\t\t\t<h2 class=\"elementor-heading-title elementor-size-default\">Lieu<\/h2>\t\t\t\t<\/div>\n\t\t\t\t<div class=\"elementor-element elementor-element-3116448 elementor-widget elementor-widget-text-editor\" data-id=\"3116448\" data-element_type=\"widget\" data-e-type=\"widget\" data-widget_type=\"text-editor.default\">\n\t\t\t\t\t\t\t\t\t<p>Atelier d\u2019Olivier Calvel<br>1237, chemin de l\u2019Espagnol<br>06250 Mougins<\/p>\t\t\t\t\t\t\t\t<\/div>\n\t\t\t\t<div class=\"elementor-element elementor-element-46f583f elementor-align-center elementor-widget elementor-widget-button\" data-id=\"46f583f\" data-element_type=\"widget\" data-e-type=\"widget\" data-widget_type=\"button.default\">\n\t\t\t\t\t\t\t\t\t\t<a class=\"elementor-button elementor-button-link elementor-size-sm\" href=\"https:\/\/www.helloasso.com\/associations\/share-arts\/evenements\/soiree-de-lancement\">\n\t\t\t\t\t\t<span class=\"elementor-button-content-wrapper\">\n\t\t\t\t\t\t\t\t\t<span class=\"elementor-button-text\">R\u00e9server<\/span>\n\t\t\t\t\t<\/span>\n\t\t\t\t\t<\/a>\n\t\t\t\t\t\t\t\t<\/div>\n\t\t\t\t<\/div>\n\t\t\t\t\t<\/div>\n\t\t\t\t<\/div>\n\t\t<div class=\"elementor-element elementor-element-5815f19 e-flex e-con-boxed e-con e-parent\" data-id=\"5815f19\" data-element_type=\"container\" data-e-type=\"container\">\n\t\t\t\t\t<div class=\"e-con-inner\">\n\t\t<div class=\"elementor-element elementor-element-47ed107 e-con-full e-flex e-con e-child\" data-id=\"47ed107\" data-element_type=\"container\" data-e-type=\"container\">\n\t\t\t\t<div class=\"elementor-element elementor-element-16342b2 elementor-widget elementor-widget-heading\" data-id=\"16342b2\" data-element_type=\"widget\" data-e-type=\"widget\" data-widget_type=\"heading.default\">\n\t\t\t\t\t<h2 class=\"elementor-heading-title elementor-size-default\">A propos de l\u2019artiste<\/h2>\t\t\t\t<\/div>\n\t\t\t\t<div class=\"elementor-element elementor-element-abaf82f elementor-widget elementor-widget-spacer\" data-id=\"abaf82f\" data-element_type=\"widget\" data-e-type=\"widget\" data-widget_type=\"spacer.default\">\n\t\t\t\t\t\t\t<div class=\"elementor-spacer\">\n\t\t\t<div class=\"elementor-spacer-inner\"><\/div>\n\t\t<\/div>\n\t\t\t\t\t\t<\/div>\n\t\t\t\t<div class=\"elementor-element elementor-element-c781960 elementor-widget elementor-widget-text-editor\" data-id=\"c781960\" data-element_type=\"widget\" data-e-type=\"widget\" data-widget_type=\"text-editor.default\">\n\t\t\t\t\t\t\t\t\t<p>Olivier Calvel d\u00e9veloppe une pratique pluridisciplinaire attentive aux traces, aux mati\u00e8res et aux signes laiss\u00e9s par le temps.<\/p><p>En partant de d\u00e9tails, de surfaces ou de fragments de lieux, il compose un travail sensible qui interroge la m\u00e9moire, la transformation et notre mani\u00e8re de regarder ce qui nous entoure.<\/p><p>Ses recherches m\u00ealent photographie, installation et travail de la mati\u00e8re, dans une d\u00e9marche \u00e0 la fois personnelle, sensible et ouverte.<\/p>\t\t\t\t\t\t\t\t<\/div>\n\t\t\t\t<div class=\"elementor-element elementor-element-eab5bb7 elementor-widget elementor-widget-heading\" data-id=\"eab5bb7\" data-element_type=\"widget\" data-e-type=\"widget\" data-widget_type=\"heading.default\">\n\t\t\t\t\t<h2 class=\"elementor-heading-title elementor-size-default\">Programme<\/h2>\t\t\t\t<\/div>\n\t\t\t\t<div class=\"elementor-element elementor-element-c8c2891 elementor-widget elementor-widget-spacer\" data-id=\"c8c2891\" data-element_type=\"widget\" data-e-type=\"widget\" data-widget_type=\"spacer.default\">\n\t\t\t\t\t\t\t<div class=\"elementor-spacer\">\n\t\t\t<div class=\"elementor-spacer-inner\"><\/div>\n\t\t<\/div>\n\t\t\t\t\t\t<\/div>\n\t\t\t\t<div class=\"elementor-element elementor-element-7668939 elementor-widget elementor-widget-text-editor\" data-id=\"7668939\" data-element_type=\"widget\" data-e-type=\"widget\" data-widget_type=\"text-editor.default\">\n\t\t\t\t\t\t\t\t\t<ul><li>Pr\u00e9sentation de l\u2019association par son pr\u00e9sident, Cyril Muller<\/li><li>Visite de l\u2019atelier d\u2019Olivier Calvel<\/li><li>Cocktail et \u00e9changes<\/li><\/ul>\t\t\t\t\t\t\t\t<\/div>\n\t\t\t\t<\/div>\n\t\t<div class=\"elementor-element elementor-element-91ff913 e-con-full e-flex e-con e-child\" data-id=\"91ff913\" data-element_type=\"container\" data-e-type=\"container\">\n\t\t\t\t<\/div>\n\t\t\t\t\t<\/div>\n\t\t\t\t<\/div>\n\t\t<div class=\"elementor-element elementor-element-232aacc e-flex e-con-boxed e-con e-parent\" data-id=\"232aacc\" data-element_type=\"container\" data-e-type=\"container\">\n\t\t\t\t\t<div class=\"e-con-inner\">\n\t\t<div class=\"elementor-element elementor-element-524aa11 e-con-full e-flex e-con e-child\" data-id=\"524aa11\" data-element_type=\"container\" data-e-type=\"container\">\n\t\t\t\t\t\t\t\n\t\t\t<img class=\"e-image-base e-a0884fe-ea6f426\" \n\t\t\t\t\tdata-interaction-id=\"a0884fe\" \n\t\t \n\t\t \n\t\t\t\t\t\t\t\t\tid=\"320\"\n\t\t\t\t\t\t\t\t\t\t\t\tsrc=\"https:\/\/share-arts.org\/wp-content\/uploads\/2026\/04\/OivierC1_PP_BAS_300x300.jpg\"\n\t\t\t\t\t\t\t\t\t\t\t\twidth=\"300\"\n\t\t\t\t\t\t\t\t\t\t\t\theight=\"300\"\n\t\t\t\t\t\t\t\t\t\t\t\tsrcset=\"https:\/\/share-arts.org\/wp-content\/uploads\/2026\/04\/OivierC1_PP_BAS_300x300.jpg 300w, https:\/\/share-arts.org\/wp-content\/uploads\/2026\/04\/OivierC1_PP_BAS_300x300-150x150.jpg 150w\"\n\t\t\t\t\t\t\t\t\t\t\t\talt=\"\"\n\t\t\t\t\t\t\/>\n\t\t\t\t\t<\/div>\n\t\t<div class=\"elementor-element elementor-element-bc2a20f e-con-full e-flex e-con e-child\" data-id=\"bc2a20f\" data-element_type=\"container\" data-e-type=\"container\">\n\t\t\t\t\t\t\t\n\t\t\t<img class=\"e-image-base e-ca5862b-c97528f\" \n\t\t\t\t\tdata-interaction-id=\"ca5862b\" \n\t\t \n\t\t \n\t\t\t\t\t\t\t\t\tid=\"321\"\n\t\t\t\t\t\t\t\t\t\t\t\tsrc=\"https:\/\/share-arts.org\/wp-content\/uploads\/2026\/04\/Olivier-C-3_PP_BAS_300x300.jpg\"\n\t\t\t\t\t\t\t\t\t\t\t\twidth=\"300\"\n\t\t\t\t\t\t\t\t\t\t\t\theight=\"300\"\n\t\t\t\t\t\t\t\t\t\t\t\tsrcset=\"https:\/\/share-arts.org\/wp-content\/uploads\/2026\/04\/Olivier-C-3_PP_BAS_300x300.jpg 300w, https:\/\/share-arts.org\/wp-content\/uploads\/2026\/04\/Olivier-C-3_PP_BAS_300x300-150x150.jpg 150w\"\n\t\t\t\t\t\t\t\t\t\t\t\talt=\"\"\n\t\t\t\t\t\t\/>\n\t\t\t\t\t<\/div>\n\t\t<div class=\"elementor-element elementor-element-0797eb3 e-con-full e-flex e-con e-child\" data-id=\"0797eb3\" data-element_type=\"container\" data-e-type=\"container\">\n\t\t\t\t\t\t\t\n\t\t\t<img class=\"e-image-base e-1d4290e-185ff11\" \n\t\t\t\t\tdata-interaction-id=\"1d4290e\" \n\t\t \n\t\t \n\t\t\t\t\t\t\t\t\tid=\"322\"\n\t\t\t\t\t\t\t\t\t\t\t\tsrc=\"https:\/\/share-arts.org\/wp-content\/uploads\/2026\/04\/Olivier-C-5_PP_BAS_300x300.jpg\"\n\t\t\t\t\t\t\t\t\t\t\t\twidth=\"300\"\n\t\t\t\t\t\t\t\t\t\t\t\theight=\"300\"\n\t\t\t\t\t\t\t\t\t\t\t\tsrcset=\"https:\/\/share-arts.org\/wp-content\/uploads\/2026\/04\/Olivier-C-5_PP_BAS_300x300.jpg 300w, https:\/\/share-arts.org\/wp-content\/uploads\/2026\/04\/Olivier-C-5_PP_BAS_300x300-150x150.jpg 150w\"\n\t\t\t\t\t\t\t\t\t\t\t\talt=\"\"\n\t\t\t\t\t\t\/>\n\t\t\t\t\t<\/div>\n\t\t<div class=\"elementor-element elementor-element-7721c7b e-con-full e-flex e-con e-child\" data-id=\"7721c7b\" data-element_type=\"container\" data-e-type=\"container\">\n\t\t\t\t\t\t\t\n\t\t\t<img class=\"e-image-base e-fc7abd2-2135f23\" \n\t\t\t\t\tdata-interaction-id=\"fc7abd2\" \n\t\t \n\t\t \n\t\t\t\t\t\t\t\t\tid=\"323\"\n\t\t\t\t\t\t\t\t\t\t\t\tsrc=\"https:\/\/share-arts.org\/wp-content\/uploads\/2026\/04\/Olivier-C2_PP_BAS_300x300.jpg\"\n\t\t\t\t\t\t\t\t\t\t\t\twidth=\"300\"\n\t\t\t\t\t\t\t\t\t\t\t\theight=\"300\"\n\t\t\t\t\t\t\t\t\t\t\t\tsrcset=\"https:\/\/share-arts.org\/wp-content\/uploads\/2026\/04\/Olivier-C2_PP_BAS_300x300.jpg 300w, https:\/\/share-arts.org\/wp-content\/uploads\/2026\/04\/Olivier-C2_PP_BAS_300x300-150x150.jpg 150w\"\n\t\t\t\t\t\t\t\t\t\t\t\talt=\"\"\n\t\t\t\t\t\t\/>\n\t\t\t\t\t<\/div>\n\t\t<div class=\"elementor-element elementor-element-dfea595 e-con-full e-flex e-con e-child\" data-id=\"dfea595\" data-element_type=\"container\" data-e-type=\"container\">\n\t\t\t\t\t\t\t\n\t\t\t<img class=\"e-image-base e-af8cd62-544c0a4\" \n\t\t\t\t\tdata-interaction-id=\"af8cd62\" \n\t\t \n\t\t \n\t\t\t\t\t\t\t\t\tid=\"324\"\n\t\t\t\t\t\t\t\t\t\t\t\tsrc=\"https:\/\/share-arts.org\/wp-content\/uploads\/2026\/04\/Olivier-C-6_PP_BAS_300x300.jpg\"\n\t\t\t\t\t\t\t\t\t\t\t\twidth=\"300\"\n\t\t\t\t\t\t\t\t\t\t\t\theight=\"300\"\n\t\t\t\t\t\t\t\t\t\t\t\tsrcset=\"https:\/\/share-arts.org\/wp-content\/uploads\/2026\/04\/Olivier-C-6_PP_BAS_300x300.jpg 300w, https:\/\/share-arts.org\/wp-content\/uploads\/2026\/04\/Olivier-C-6_PP_BAS_300x300-150x150.jpg 150w\"\n\t\t\t\t\t\t\t\t\t\t\t\talt=\"\"\n\t\t\t\t\t\t\/>\n\t\t\t\t\t<\/div>\n\t\t<div class=\"elementor-element elementor-element-729fce6 e-con-full e-flex e-con e-child\" data-id=\"729fce6\" data-element_type=\"container\" data-e-type=\"container\">\n\t\t\t\t\t\t\t\n\t\t\t<img class=\"e-image-base e-c6becd5-056f821\" \n\t\t\t\t\tdata-interaction-id=\"c6becd5\" \n\t\t \n\t\t \n\t\t\t\t\t\t\t\t\tid=\"325\"\n\t\t\t\t\t\t\t\t\t\t\t\tsrc=\"https:\/\/share-arts.org\/wp-content\/uploads\/2026\/04\/Olivier-C-7_PP_BAS_300x300.jpg\"\n\t\t\t\t\t\t\t\t\t\t\t\twidth=\"300\"\n\t\t\t\t\t\t\t\t\t\t\t\theight=\"300\"\n\t\t\t\t\t\t\t\t\t\t\t\tsrcset=\"https:\/\/share-arts.org\/wp-content\/uploads\/2026\/04\/Olivier-C-7_PP_BAS_300x300.jpg 300w, https:\/\/share-arts.org\/wp-content\/uploads\/2026\/04\/Olivier-C-7_PP_BAS_300x300-150x150.jpg 150w\"\n\t\t\t\t\t\t\t\t\t\t\t\talt=\"\"\n\t\t\t\t\t\t\/>\n\t\t\t\t\t<\/div>\n\t\t\t\t\t<\/div>\n\t\t\t\t<\/div>\n\t\t\t\t<\/div>\n\t\t","protected":false},"excerpt":{"rendered":"<p>Soir\u00e9e de lancement Share Arts C&rsquo;est \u00e0 l&rsquo;occasion de la soir\u00e9e de lancement de l&rsquo;association, que nous avons l&rsquo;honneur de vous pr\u00e9senter, en parall\u00e8le de notre projet, le travail d&rsquo;Olivier Calvel qui nous accueille au sein de son atelier.\u00a0 Share Arts, ce n&rsquo;est pas seulement un projet culturel : c&rsquo;est une promesse!\u00a0 Une promesse de [&hellip;]<\/p>\n","protected":false},"author":2,"featured_media":0,"parent":0,"menu_order":0,"comment_status":"closed","ping_status":"closed","template":"","meta":{"footnotes":""},"class_list":["post-283","page","type-page","status-publish","hentry"],"_links":{"self":[{"href":"https:\/\/share-arts.org\/index.php?rest_route=\/wp\/v2\/pages\/283","targetHints":{"allow":["GET"]}}],"collection":[{"href":"https:\/\/share-arts.org\/index.php?rest_route=\/wp\/v2\/pages"}],"about":[{"href":"https:\/\/share-arts.org\/index.php?rest_route=\/wp\/v2\/types\/page"}],"author":[{"embeddable":true,"href":"https:\/\/share-arts.org\/index.php?rest_route=\/wp\/v2\/users\/2"}],"replies":[{"embeddable":true,"href":"https:\/\/share-arts.org\/index.php?rest_route=%2Fwp%2Fv2%2Fcomments&post=283"}],"version-history":[{"count":41,"href":"https:\/\/share-arts.org\/index.php?rest_route=\/wp\/v2\/pages\/283\/revisions"}],"predecessor-version":[{"id":469,"href":"https:\/\/share-arts.org\/index.php?rest_route=\/wp\/v2\/pages\/283\/revisions\/469"}],"wp:attachment":[{"href":"https:\/\/share-arts.org\/index.php?rest_route=%2Fwp%2Fv2%2Fmedia&parent=283"}],"curies":[{"name":"wp","href":"https:\/\/api.w.org\/{rel}","templated":true}]}}