{"id":361,"date":"2026-04-29T16:37:04","date_gmt":"2026-04-29T14:37:04","guid":{"rendered":"https:\/\/share-arts.org\/?page_id=361"},"modified":"2026-04-29T18:19:12","modified_gmt":"2026-04-29T16:19:12","slug":"produit-2","status":"publish","type":"page","link":"https:\/\/share-arts.org\/?page_id=361","title":{"rendered":"Au revoir Benjamin"},"content":{"rendered":"\t\t<div data-elementor-type=\"wp-page\" data-elementor-id=\"361\" class=\"elementor elementor-361\">\n\t\t\t\t<div class=\"elementor-element elementor-element-805d961 e-flex e-con-boxed e-con e-parent\" data-id=\"805d961\" data-element_type=\"container\" data-e-type=\"container\">\n\t\t\t\t\t<div class=\"e-con-inner\">\n\t\t<div class=\"elementor-element elementor-element-92c9bd4 e-con-full e-flex e-con e-child\" data-id=\"92c9bd4\" data-element_type=\"container\" data-e-type=\"container\">\n\t\t\t\t\t\t\t\n\t\t\t<img class=\"e-image-base e-a6ec16a-9c9bd5b\" \n\t\t\t\t\tdata-interaction-id=\"a6ec16a\" \n\t\t \n\t\t \n\t\t\t\t\t\t\t\t\tid=\"412\"\n\t\t\t\t\t\t\t\t\t\t\t\tsrc=\"https:\/\/share-arts.org\/wp-content\/uploads\/2026\/04\/BL_repetition_2_PP_500x500.jpg\"\n\t\t\t\t\t\t\t\t\t\t\t\twidth=\"500\"\n\t\t\t\t\t\t\t\t\t\t\t\theight=\"500\"\n\t\t\t\t\t\t\t\t\t\t\t\tsrcset=\"https:\/\/share-arts.org\/wp-content\/uploads\/2026\/04\/BL_repetition_2_PP_500x500.jpg 500w, https:\/\/share-arts.org\/wp-content\/uploads\/2026\/04\/BL_repetition_2_PP_500x500-300x300.jpg 300w, https:\/\/share-arts.org\/wp-content\/uploads\/2026\/04\/BL_repetition_2_PP_500x500-150x150.jpg 150w\"\n\t\t\t\t\t\t\t\t\t\t\t\talt=\"\"\n\t\t\t\t\t\t\/>\n\t\t\t\t\t<\/div>\n\t\t<div class=\"elementor-element elementor-element-9a54630 e-con-full e-flex e-con e-child\" data-id=\"9a54630\" data-element_type=\"container\" data-e-type=\"container\">\n\t\t\t\t\t\t\t\n\t\t\t<img class=\"e-image-base e-34cbe0e-ff0e459\" \n\t\t\t\t\tdata-interaction-id=\"34cbe0e\" \n\t\t \n\t\t \n\t\t\t\t\t\t\t\t\tid=\"413\"\n\t\t\t\t\t\t\t\t\t\t\t\tsrc=\"https:\/\/share-arts.org\/wp-content\/uploads\/2026\/04\/BL_repetition_1_PP_500x500.jpg\"\n\t\t\t\t\t\t\t\t\t\t\t\twidth=\"500\"\n\t\t\t\t\t\t\t\t\t\t\t\theight=\"500\"\n\t\t\t\t\t\t\t\t\t\t\t\tsrcset=\"https:\/\/share-arts.org\/wp-content\/uploads\/2026\/04\/BL_repetition_1_PP_500x500.jpg 500w, https:\/\/share-arts.org\/wp-content\/uploads\/2026\/04\/BL_repetition_1_PP_500x500-300x300.jpg 300w, https:\/\/share-arts.org\/wp-content\/uploads\/2026\/04\/BL_repetition_1_PP_500x500-150x150.jpg 150w\"\n\t\t\t\t\t\t\t\t\t\t\t\talt=\"\"\n\t\t\t\t\t\t\/>\n\t\t\t\t\t<\/div>\n\t\t\t\t\t<\/div>\n\t\t\t\t<\/div>\n\t\t<div class=\"elementor-element elementor-element-dfc0c90 e-flex e-con-boxed e-con e-parent\" data-id=\"dfc0c90\" data-element_type=\"container\" data-e-type=\"container\">\n\t\t\t\t\t<div class=\"e-con-inner\">\n\t\t<div class=\"elementor-element elementor-element-de24c70 e-con-full e-flex e-con e-child\" data-id=\"de24c70\" data-element_type=\"container\" data-e-type=\"container\">\n\t\t\t\t<div class=\"elementor-element elementor-element-54dd872 elementor-widget elementor-widget-heading\" data-id=\"54dd872\" data-element_type=\"widget\" data-e-type=\"widget\" data-widget_type=\"heading.default\">\n\t\t\t\t\t<h2 class=\"elementor-heading-title elementor-size-default\">Au revoir Benjamin : r\u00e9p\u00e9tition g\u00e9n\u00e9rale<\/h2>\t\t\t\t<\/div>\n\t\t\t\t<div class=\"elementor-element elementor-element-f159677 elementor-widget elementor-widget-text-editor\" data-id=\"f159677\" data-element_type=\"widget\" data-e-type=\"widget\" data-widget_type=\"text-editor.default\">\n\t\t\t\t\t\t\t\t\t<p>Pour le d\u00e9part de Benjamin Levy, directeur musical et chef de l\u2019Orchestre de Cannes, nous vous proposons d\u2019assister \u00e0 sa toute derni\u00e8re r\u00e9p\u00e9tition g\u00e9n\u00e9rale.<\/p><p>Ce moment permettra d\u2019entrer au plus pr\u00e8s du travail de l\u2019Orchestre, de d\u00e9couvrir la pr\u00e9paration d\u2019un concert et de partager l\u2019\u00e9nergie d\u2019une r\u00e9p\u00e9tition.<\/p><p>La r\u00e9p\u00e9tition sera suivie d\u2019un cocktail priv\u00e9, pour un temps d\u2019\u00e9change avec Benjamin Levy et les musiciens.<\/p><p>Une rencontre simple et privil\u00e9gi\u00e9e pour saluer son parcours \u00e0 Cannes.<\/p>\t\t\t\t\t\t\t\t<\/div>\n\t\t\t\t<div class=\"elementor-element elementor-element-399fac5 elementor-widget elementor-widget-heading\" data-id=\"399fac5\" data-element_type=\"widget\" data-e-type=\"widget\" data-widget_type=\"heading.default\">\n\t\t\t\t\t<h2 class=\"elementor-heading-title elementor-size-default\">Artiste<\/h2>\t\t\t\t<\/div>\n\t\t\t\t<div class=\"elementor-element elementor-element-0597f85 elementor-widget elementor-widget-text-editor\" data-id=\"0597f85\" data-element_type=\"widget\" data-e-type=\"widget\" data-widget_type=\"text-editor.default\">\n\t\t\t\t\t\t\t\t\t<p>Benjamin Levy<\/p>\t\t\t\t\t\t\t\t<\/div>\n\t\t\t\t<div class=\"elementor-element elementor-element-6e3cc27 elementor-widget elementor-widget-heading\" data-id=\"6e3cc27\" data-element_type=\"widget\" data-e-type=\"widget\" data-widget_type=\"heading.default\">\n\t\t\t\t\t<h2 class=\"elementor-heading-title elementor-size-default\">Programme<\/h2>\t\t\t\t<\/div>\n\t\t\t\t<div class=\"elementor-element elementor-element-444dae1 elementor-widget elementor-widget-text-editor\" data-id=\"444dae1\" data-element_type=\"widget\" data-e-type=\"widget\" data-widget_type=\"text-editor.default\">\n\t\t\t\t\t\t\t\t\t<ul><li>R\u00e9p\u00e9tition g\u00e9n\u00e9rale \u00e0 15h30<\/li><li>Cocktail priv\u00e9 \u00e0 16h45<\/li><\/ul>\t\t\t\t\t\t\t\t<\/div>\n\t\t\t\t<\/div>\n\t\t<div class=\"elementor-element elementor-element-4214067 e-con-full e-flex e-con e-child\" data-id=\"4214067\" data-element_type=\"container\" data-e-type=\"container\">\n\t\t\t\t<div class=\"elementor-element elementor-element-e1fbc4b elementor-widget elementor-widget-heading\" data-id=\"e1fbc4b\" data-element_type=\"widget\" data-e-type=\"widget\" data-widget_type=\"heading.default\">\n\t\t\t\t\t<h2 class=\"elementor-heading-title elementor-size-default\">Date<\/h2>\t\t\t\t<\/div>\n\t\t\t\t<div class=\"elementor-element elementor-element-8be035b elementor-widget elementor-widget-text-editor\" data-id=\"8be035b\" data-element_type=\"widget\" data-e-type=\"widget\" data-widget_type=\"text-editor.default\">\n\t\t\t\t\t\t\t\t\t<p>Le 03 juillet 2026 \u00e0 15h30<\/p>\t\t\t\t\t\t\t\t<\/div>\n\t\t\t\t<div class=\"elementor-element elementor-element-4ab9f2a elementor-widget elementor-widget-heading\" data-id=\"4ab9f2a\" data-element_type=\"widget\" data-e-type=\"widget\" data-widget_type=\"heading.default\">\n\t\t\t\t\t<h2 class=\"elementor-heading-title elementor-size-default\">Lieu<\/h2>\t\t\t\t<\/div>\n\t\t\t\t<div class=\"elementor-element elementor-element-f1bc3f2 elementor-widget elementor-widget-text-editor\" data-id=\"f1bc3f2\" data-element_type=\"widget\" data-e-type=\"widget\" data-widget_type=\"text-editor.default\">\n\t\t\t\t\t\t\t\t\t<p>Salle des Arlucs<br \/>26, avenue des Arlucs<br \/>Cannes<\/p>\t\t\t\t\t\t\t\t<\/div>\n\t\t\t\t<div class=\"elementor-element elementor-element-fc5d30b elementor-align-center elementor-widget elementor-widget-button\" data-id=\"fc5d30b\" data-element_type=\"widget\" data-e-type=\"widget\" data-widget_type=\"button.default\">\n\t\t\t\t\t\t\t\t\t\t<a class=\"elementor-button elementor-button-link elementor-size-sm\" href=\"#\">\n\t\t\t\t\t\t<span class=\"elementor-button-content-wrapper\">\n\t\t\t\t\t\t\t\t\t<span class=\"elementor-button-text\">Bient\u00f4t disponible<\/span>\n\t\t\t\t\t<\/span>\n\t\t\t\t\t<\/a>\n\t\t\t\t\t\t\t\t<\/div>\n\t\t\t\t<\/div>\n\t\t\t\t\t<\/div>\n\t\t\t\t<\/div>\n\t\t<div class=\"elementor-element elementor-element-8eade61 e-flex e-con-boxed e-con e-parent\" data-id=\"8eade61\" data-element_type=\"container\" data-e-type=\"container\">\n\t\t\t\t\t<div class=\"e-con-inner\">\n\t\t<div class=\"elementor-element elementor-element-b5b29e1 e-con-full e-flex e-con e-child\" data-id=\"b5b29e1\" data-element_type=\"container\" data-e-type=\"container\">\n\t\t\t\t\t\t\t\n\t\t\t<img class=\"e-image-base e-eaf10a5-1ebc37c\" \n\t\t\t\t\tdata-interaction-id=\"eaf10a5\" \n\t\t \n\t\t \n\t\t\t\t\t\t\t\t\tid=\"390\"\n\t\t\t\t\t\t\t\t\t\t\t\tsrc=\"https:\/\/share-arts.org\/wp-content\/uploads\/2026\/04\/BL_Repetition_1_PP_BAS_300x300.jpg\"\n\t\t\t\t\t\t\t\t\t\t\t\twidth=\"300\"\n\t\t\t\t\t\t\t\t\t\t\t\theight=\"300\"\n\t\t\t\t\t\t\t\t\t\t\t\tsrcset=\"https:\/\/share-arts.org\/wp-content\/uploads\/2026\/04\/BL_Repetition_1_PP_BAS_300x300.jpg 300w, https:\/\/share-arts.org\/wp-content\/uploads\/2026\/04\/BL_Repetition_1_PP_BAS_300x300-150x150.jpg 150w\"\n\t\t\t\t\t\t\t\t\t\t\t\talt=\"\"\n\t\t\t\t\t\t\/>\n\t\t\t\t\t<\/div>\n\t\t<div class=\"elementor-element elementor-element-4f79a45 e-con-full e-flex e-con e-child\" data-id=\"4f79a45\" data-element_type=\"container\" data-e-type=\"container\">\n\t\t\t\t\t\t\t\n\t\t\t<img class=\"e-image-base e-1ddbe63-acecadb\" \n\t\t\t\t\tdata-interaction-id=\"1ddbe63\" \n\t\t \n\t\t \n\t\t\t\t\t\t\t\t\tid=\"391\"\n\t\t\t\t\t\t\t\t\t\t\t\tsrc=\"https:\/\/share-arts.org\/wp-content\/uploads\/2026\/04\/BL_Repetition_2_PP_BAS_300x300.jpg\"\n\t\t\t\t\t\t\t\t\t\t\t\twidth=\"300\"\n\t\t\t\t\t\t\t\t\t\t\t\theight=\"300\"\n\t\t\t\t\t\t\t\t\t\t\t\tsrcset=\"https:\/\/share-arts.org\/wp-content\/uploads\/2026\/04\/BL_Repetition_2_PP_BAS_300x300.jpg 300w, https:\/\/share-arts.org\/wp-content\/uploads\/2026\/04\/BL_Repetition_2_PP_BAS_300x300-150x150.jpg 150w\"\n\t\t\t\t\t\t\t\t\t\t\t\talt=\"\"\n\t\t\t\t\t\t\/>\n\t\t\t\t\t<\/div>\n\t\t<div class=\"elementor-element elementor-element-a8be6e2 e-con-full e-flex e-con e-child\" data-id=\"a8be6e2\" data-element_type=\"container\" data-e-type=\"container\">\n\t\t\t\t\t\t\t\n\t\t\t<img class=\"e-image-base e-0dd9732-1c8abd0\" \n\t\t\t\t\tdata-interaction-id=\"0dd9732\" \n\t\t \n\t\t \n\t\t\t\t\t\t\t\t\tid=\"395\"\n\t\t\t\t\t\t\t\t\t\t\t\tsrc=\"https:\/\/share-arts.org\/wp-content\/uploads\/2026\/04\/BL_Repetition_3_PP_BAS_300x300.jpg\"\n\t\t\t\t\t\t\t\t\t\t\t\twidth=\"300\"\n\t\t\t\t\t\t\t\t\t\t\t\theight=\"300\"\n\t\t\t\t\t\t\t\t\t\t\t\tsrcset=\"https:\/\/share-arts.org\/wp-content\/uploads\/2026\/04\/BL_Repetition_3_PP_BAS_300x300.jpg 300w, https:\/\/share-arts.org\/wp-content\/uploads\/2026\/04\/BL_Repetition_3_PP_BAS_300x300-150x150.jpg 150w\"\n\t\t\t\t\t\t\t\t\t\t\t\talt=\"\"\n\t\t\t\t\t\t\/>\n\t\t\t\t\t<\/div>\n\t\t<div class=\"elementor-element elementor-element-da63530 e-con-full e-flex e-con e-child\" data-id=\"da63530\" data-element_type=\"container\" data-e-type=\"container\">\n\t\t\t\t\t\t\t\n\t\t\t<img class=\"e-image-base e-12874f3-cc37271\" \n\t\t\t\t\tdata-interaction-id=\"12874f3\" \n\t\t \n\t\t \n\t\t\t\t\t\t\t\t\tid=\"397\"\n\t\t\t\t\t\t\t\t\t\t\t\tsrc=\"https:\/\/share-arts.org\/wp-content\/uploads\/2026\/04\/BL_repetition_4_PP_BAS_300x300.jpg\"\n\t\t\t\t\t\t\t\t\t\t\t\twidth=\"300\"\n\t\t\t\t\t\t\t\t\t\t\t\theight=\"300\"\n\t\t\t\t\t\t\t\t\t\t\t\tsrcset=\"https:\/\/share-arts.org\/wp-content\/uploads\/2026\/04\/BL_repetition_4_PP_BAS_300x300.jpg 300w, https:\/\/share-arts.org\/wp-content\/uploads\/2026\/04\/BL_repetition_4_PP_BAS_300x300-150x150.jpg 150w\"\n\t\t\t\t\t\t\t\t\t\t\t\talt=\"\"\n\t\t\t\t\t\t\/>\n\t\t\t\t\t<\/div>\n\t\t<div class=\"elementor-element elementor-element-e989f87 e-con-full e-flex e-con e-child\" data-id=\"e989f87\" data-element_type=\"container\" data-e-type=\"container\">\n\t\t\t\t\t\t\t\n\t\t\t<img class=\"e-image-base e-e80bc8b-b821624\" \n\t\t\t\t\tdata-interaction-id=\"e80bc8b\" \n\t\t \n\t\t \n\t\t\t\t\t\t\t\t\tid=\"398\"\n\t\t\t\t\t\t\t\t\t\t\t\tsrc=\"https:\/\/share-arts.org\/wp-content\/uploads\/2026\/04\/BL_repetition_5_PP_BAS_300x300.jpg\"\n\t\t\t\t\t\t\t\t\t\t\t\twidth=\"300\"\n\t\t\t\t\t\t\t\t\t\t\t\theight=\"300\"\n\t\t\t\t\t\t\t\t\t\t\t\tsrcset=\"https:\/\/share-arts.org\/wp-content\/uploads\/2026\/04\/BL_repetition_5_PP_BAS_300x300.jpg 300w, https:\/\/share-arts.org\/wp-content\/uploads\/2026\/04\/BL_repetition_5_PP_BAS_300x300-150x150.jpg 150w\"\n\t\t\t\t\t\t\t\t\t\t\t\talt=\"\"\n\t\t\t\t\t\t\/>\n\t\t\t\t\t<\/div>\n\t\t<div class=\"elementor-element elementor-element-fbe30dc e-con-full e-flex e-con e-child\" data-id=\"fbe30dc\" data-element_type=\"container\" data-e-type=\"container\">\n\t\t\t\t\t\t\t\n\t\t\t<img class=\"e-image-base e-880eab6-29b5a5e\" \n\t\t\t\t\tdata-interaction-id=\"880eab6\" \n\t\t \n\t\t \n\t\t\t\t\t\t\t\t\tid=\"399\"\n\t\t\t\t\t\t\t\t\t\t\t\tsrc=\"https:\/\/share-arts.org\/wp-content\/uploads\/2026\/04\/BL_repetition_6_PP_BAS_300x300.jpg\"\n\t\t\t\t\t\t\t\t\t\t\t\twidth=\"300\"\n\t\t\t\t\t\t\t\t\t\t\t\theight=\"300\"\n\t\t\t\t\t\t\t\t\t\t\t\tsrcset=\"https:\/\/share-arts.org\/wp-content\/uploads\/2026\/04\/BL_repetition_6_PP_BAS_300x300.jpg 300w, https:\/\/share-arts.org\/wp-content\/uploads\/2026\/04\/BL_repetition_6_PP_BAS_300x300-150x150.jpg 150w\"\n\t\t\t\t\t\t\t\t\t\t\t\talt=\"\"\n\t\t\t\t\t\t\/>\n\t\t\t\t\t<\/div>\n\t\t\t\t\t<\/div>\n\t\t\t\t<\/div>\n\t\t\t\t<\/div>\n\t\t","protected":false},"excerpt":{"rendered":"<p>Au revoir Benjamin : r\u00e9p\u00e9tition g\u00e9n\u00e9rale A l&rsquo;occasion du d\u00e9part de Benjamin Levy, Directeur Musical et Chef de l&rsquo;Orchestre de Cannes, nous vous proposons de vivre une exp\u00e9rience d&rsquo;exception:\u00a0 Assister \u00e0 sa toute derni\u00e8re r\u00e9p\u00e9tition g\u00e9n\u00e9rale !\u00a0 Cette immersion au coeur de l&rsquo;Orchestre offre une perspective rare sur le processus de cr\u00e9ation, la dynamique de [&hellip;]<\/p>\n","protected":false},"author":2,"featured_media":0,"parent":0,"menu_order":0,"comment_status":"closed","ping_status":"closed","template":"","meta":{"footnotes":""},"class_list":["post-361","page","type-page","status-publish","hentry"],"_links":{"self":[{"href":"https:\/\/share-arts.org\/index.php?rest_route=\/wp\/v2\/pages\/361","targetHints":{"allow":["GET"]}}],"collection":[{"href":"https:\/\/share-arts.org\/index.php?rest_route=\/wp\/v2\/pages"}],"about":[{"href":"https:\/\/share-arts.org\/index.php?rest_route=\/wp\/v2\/types\/page"}],"author":[{"embeddable":true,"href":"https:\/\/share-arts.org\/index.php?rest_route=\/wp\/v2\/users\/2"}],"replies":[{"embeddable":true,"href":"https:\/\/share-arts.org\/index.php?rest_route=%2Fwp%2Fv2%2Fcomments&post=361"}],"version-history":[{"count":37,"href":"https:\/\/share-arts.org\/index.php?rest_route=\/wp\/v2\/pages\/361\/revisions"}],"predecessor-version":[{"id":430,"href":"https:\/\/share-arts.org\/index.php?rest_route=\/wp\/v2\/pages\/361\/revisions\/430"}],"wp:attachment":[{"href":"https:\/\/share-arts.org\/index.php?rest_route=%2Fwp%2Fv2%2Fmedia&parent=361"}],"curies":[{"name":"wp","href":"https:\/\/api.w.org\/{rel}","templated":true}]}}