{"id":446,"date":"2026-04-29T18:47:44","date_gmt":"2026-04-29T16:47:44","guid":{"rendered":"https:\/\/share-arts.org\/?page_id=446"},"modified":"2026-04-29T20:05:32","modified_gmt":"2026-04-29T18:05:32","slug":"saison-2026","status":"publish","type":"page","link":"https:\/\/share-arts.org\/?page_id=446","title":{"rendered":"Saison 2026"},"content":{"rendered":"\t\t<div data-elementor-type=\"wp-page\" data-elementor-id=\"446\" class=\"elementor elementor-446\">\n\t\t\t\t<div class=\"elementor-element elementor-element-2f1255c e-flex e-con-boxed e-con e-parent\" data-id=\"2f1255c\" data-element_type=\"container\" data-e-type=\"container\">\n\t\t\t\t\t<div class=\"e-con-inner\">\n\t\t\t\t\t\t\t\n\t\t\t<img class=\"e-image-base e-2871a91-f280be4\" \n\t\t\t\t\tdata-interaction-id=\"2871a91\" \n\t\t \n\t\t \n\t\t\t\t\t\t\t\t\tid=\"450\"\n\t\t\t\t\t\t\t\t\t\t\t\tsrc=\"https:\/\/share-arts.org\/wp-content\/uploads\/2026\/04\/Bandeau-definitif.png\"\n\t\t\t\t\t\t\t\t\t\t\t\twidth=\"1717\"\n\t\t\t\t\t\t\t\t\t\t\t\theight=\"916\"\n\t\t\t\t\t\t\t\t\t\t\t\tsrcset=\"https:\/\/share-arts.org\/wp-content\/uploads\/2026\/04\/Bandeau-definitif.png 1717w, https:\/\/share-arts.org\/wp-content\/uploads\/2026\/04\/Bandeau-definitif-300x160.png 300w, https:\/\/share-arts.org\/wp-content\/uploads\/2026\/04\/Bandeau-definitif-1024x546.png 1024w, https:\/\/share-arts.org\/wp-content\/uploads\/2026\/04\/Bandeau-definitif-768x410.png 768w, https:\/\/share-arts.org\/wp-content\/uploads\/2026\/04\/Bandeau-definitif-1536x819.png 1536w\"\n\t\t\t\t\t\t\t\t\t\t\t\talt=\"\"\n\t\t\t\t\t\t\/>\n\t\t\t\t\t\t<\/div>\n\t\t\t\t<\/div>\n\t\t<div class=\"elementor-element elementor-element-b5e966a e-flex e-con-boxed e-con e-parent\" data-id=\"b5e966a\" data-element_type=\"container\" data-e-type=\"container\">\n\t\t\t\t\t<div class=\"e-con-inner\">\n\t\t<div class=\"elementor-element elementor-element-235febc e-con-full e-flex e-con e-child\" data-id=\"235febc\" data-element_type=\"container\" data-e-type=\"container\">\n\t\t\t\t\t\t\t\n\t\t\t<img class=\"e-image-base e-0148f62-7bdfdb0\" \n\t\t\t\t\tdata-interaction-id=\"0148f62\" \n\t\t \n\t\t \n\t\t\t\t\t\t\t\t\tid=\"296\"\n\t\t\t\t\t\t\t\t\t\t\t\tsrc=\"https:\/\/share-arts.org\/wp-content\/uploads\/2026\/04\/Olivier-Clavel_500x500.jpg\"\n\t\t\t\t\t\t\t\t\t\t\t\twidth=\"500\"\n\t\t\t\t\t\t\t\t\t\t\t\theight=\"500\"\n\t\t\t\t\t\t\t\t\t\t\t\tsrcset=\"https:\/\/share-arts.org\/wp-content\/uploads\/2026\/04\/Olivier-Clavel_500x500.jpg 500w, https:\/\/share-arts.org\/wp-content\/uploads\/2026\/04\/Olivier-Clavel_500x500-300x300.jpg 300w, https:\/\/share-arts.org\/wp-content\/uploads\/2026\/04\/Olivier-Clavel_500x500-150x150.jpg 150w\"\n\t\t\t\t\t\t\t\t\t\t\t\talt=\"\"\n\t\t\t\t\t\t\/>\n\t\t\t\t\t<\/div>\n\t\t<div class=\"elementor-element elementor-element-dfe1b0e e-con-full e-flex e-con e-child\" data-id=\"dfe1b0e\" data-element_type=\"container\" data-e-type=\"container\">\n\t\t\t\t<div class=\"elementor-element elementor-element-204378f elementor-widget elementor-widget-heading\" data-id=\"204378f\" data-element_type=\"widget\" data-e-type=\"widget\" data-widget_type=\"heading.default\">\n\t\t\t\t\t<h2 class=\"elementor-heading-title elementor-size-default\">Soir\u00e9e de lancement<\/h2>\t\t\t\t<\/div>\n\t\t\t\t<div class=\"elementor-element elementor-element-db81ed9 elementor-widget elementor-widget-text-editor\" data-id=\"db81ed9\" data-element_type=\"widget\" data-e-type=\"widget\" data-widget_type=\"text-editor.default\">\n\t\t\t\t\t\t\t\t\t<p>Le 28 mai 2026, de 18h \u00e0 21h<br \/>Atelier d\u2019Olivier Calvel<br \/>1237, chemin de l\u2019Espagnol, Mougins<br \/>R\u00e9serv\u00e9e aux adh\u00e9rents<\/p>\t\t\t\t\t\t\t\t<\/div>\n\t\t\t\t<div class=\"elementor-element elementor-element-372c43a elementor-align-left elementor-widget elementor-widget-button\" data-id=\"372c43a\" data-element_type=\"widget\" data-e-type=\"widget\" data-widget_type=\"button.default\">\n\t\t\t\t\t\t\t\t\t\t<a class=\"elementor-button elementor-button-link elementor-size-sm\" href=\"https:\/\/share-arts.org\/?page_id=283\">\n\t\t\t\t\t\t<span class=\"elementor-button-content-wrapper\">\n\t\t\t\t\t\t\t\t\t<span class=\"elementor-button-text\">R\u00e9server<\/span>\n\t\t\t\t\t<\/span>\n\t\t\t\t\t<\/a>\n\t\t\t\t\t\t\t\t<\/div>\n\t\t\t\t<\/div>\n\t\t\t\t\t<\/div>\n\t\t\t\t<\/div>\n\t\t<div class=\"elementor-element elementor-element-870cc92 e-flex e-con-boxed e-con e-parent\" data-id=\"870cc92\" data-element_type=\"container\" data-e-type=\"container\">\n\t\t\t\t\t<div class=\"e-con-inner\">\n\t\t<div class=\"elementor-element elementor-element-3cddde6 e-con-full e-flex e-con e-child\" data-id=\"3cddde6\" data-element_type=\"container\" data-e-type=\"container\">\n\t\t\t\t\t\t\t\n\t\t\t<img class=\"e-image-base e-50ff78b-1eb0a8f\" \n\t\t\t\t\tdata-interaction-id=\"50ff78b\" \n\t\t \n\t\t \n\t\t\t\t\t\t\t\t\tid=\"412\"\n\t\t\t\t\t\t\t\t\t\t\t\tsrc=\"https:\/\/share-arts.org\/wp-content\/uploads\/2026\/04\/BL_repetition_2_PP_500x500.jpg\"\n\t\t\t\t\t\t\t\t\t\t\t\twidth=\"500\"\n\t\t\t\t\t\t\t\t\t\t\t\theight=\"500\"\n\t\t\t\t\t\t\t\t\t\t\t\tsrcset=\"https:\/\/share-arts.org\/wp-content\/uploads\/2026\/04\/BL_repetition_2_PP_500x500.jpg 500w, https:\/\/share-arts.org\/wp-content\/uploads\/2026\/04\/BL_repetition_2_PP_500x500-300x300.jpg 300w, https:\/\/share-arts.org\/wp-content\/uploads\/2026\/04\/BL_repetition_2_PP_500x500-150x150.jpg 150w\"\n\t\t\t\t\t\t\t\t\t\t\t\talt=\"\"\n\t\t\t\t\t\t\/>\n\t\t\t\t\t<\/div>\n\t\t<div class=\"elementor-element elementor-element-0c47a5c e-con-full e-flex e-con e-child\" data-id=\"0c47a5c\" data-element_type=\"container\" data-e-type=\"container\">\n\t\t\t\t<div class=\"elementor-element elementor-element-9b73d4b elementor-widget elementor-widget-heading\" data-id=\"9b73d4b\" data-element_type=\"widget\" data-e-type=\"widget\" data-widget_type=\"heading.default\">\n\t\t\t\t\t<h2 class=\"elementor-heading-title elementor-size-default\">Au revoir Benjamin : r\u00e9p\u00e9tition g\u00e9n\u00e9rale<\/h2>\t\t\t\t<\/div>\n\t\t\t\t<div class=\"elementor-element elementor-element-a92c625 elementor-widget elementor-widget-text-editor\" data-id=\"a92c625\" data-element_type=\"widget\" data-e-type=\"widget\" data-widget_type=\"text-editor.default\">\n\t\t\t\t\t\t\t\t\t<p>Le 03 juillet 2026 \u00e0 15h30<br \/>Salle des Arlucs \u00e0 Cannes<br \/>Tarif adh\u00e9rents : 40 \u20ac<br \/>Tarif normal : 45 \u20ac<\/p>\t\t\t\t\t\t\t\t<\/div>\n\t\t\t\t<div class=\"elementor-element elementor-element-40abb37 elementor-align-left elementor-widget elementor-widget-button\" data-id=\"40abb37\" data-element_type=\"widget\" data-e-type=\"widget\" data-widget_type=\"button.default\">\n\t\t\t\t\t\t\t\t\t\t<a class=\"elementor-button elementor-button-link elementor-size-sm\" href=\"https:\/\/share-arts.org\/?page_id=361\">\n\t\t\t\t\t\t<span class=\"elementor-button-content-wrapper\">\n\t\t\t\t\t\t\t\t\t<span class=\"elementor-button-text\">R\u00e9server<\/span>\n\t\t\t\t\t<\/span>\n\t\t\t\t\t<\/a>\n\t\t\t\t\t\t\t\t<\/div>\n\t\t\t\t<\/div>\n\t\t\t\t\t<\/div>\n\t\t\t\t<\/div>\n\t\t<div class=\"elementor-element elementor-element-cd3b29f e-flex e-con-boxed e-con e-parent\" data-id=\"cd3b29f\" data-element_type=\"container\" data-e-type=\"container\">\n\t\t\t\t\t<div class=\"e-con-inner\">\n\t\t<div class=\"elementor-element elementor-element-a9d8200 e-con-full e-flex e-con e-child\" data-id=\"a9d8200\" data-element_type=\"container\" data-e-type=\"container\">\n\t\t\t\t\t\t\t\n\t\t\t<img class=\"e-image-base e-7d159d3-e25698b\" \n\t\t\t\t\tdata-interaction-id=\"7d159d3\" \n\t\t \n\t\t \n\t\t\t\t\t\t\t\t\tid=\"102\"\n\t\t\t\t\t\t\t\t\t\t\t\tsrc=\"https:\/\/share-arts.org\/wp-content\/uploads\/2026\/04\/Univers_Musique_768x768.jpg\"\n\t\t\t\t\t\t\t\t\t\t\t\twidth=\"768\"\n\t\t\t\t\t\t\t\t\t\t\t\theight=\"768\"\n\t\t\t\t\t\t\t\t\t\t\t\tsrcset=\"https:\/\/share-arts.org\/wp-content\/uploads\/2026\/04\/Univers_Musique_768x768.jpg 768w, https:\/\/share-arts.org\/wp-content\/uploads\/2026\/04\/Univers_Musique_768x768-300x300.jpg 300w, https:\/\/share-arts.org\/wp-content\/uploads\/2026\/04\/Univers_Musique_768x768-150x150.jpg 150w\"\n\t\t\t\t\t\t\t\t\t\t\t\talt=\"\"\n\t\t\t\t\t\t\/>\n\t\t\t\t\t<\/div>\n\t\t<div class=\"elementor-element elementor-element-58e0fd0 e-con-full e-flex e-con e-child\" data-id=\"58e0fd0\" data-element_type=\"container\" data-e-type=\"container\">\n\t\t\t\t<div class=\"elementor-element elementor-element-5c1920f elementor-widget elementor-widget-heading\" data-id=\"5c1920f\" data-element_type=\"widget\" data-e-type=\"widget\" data-widget_type=\"heading.default\">\n\t\t\t\t\t<h2 class=\"elementor-heading-title elementor-size-default\">Au revoir Benjamin, le concert<\/h2>\t\t\t\t<\/div>\n\t\t\t\t<div class=\"elementor-element elementor-element-fe4ac9f elementor-widget elementor-widget-text-editor\" data-id=\"fe4ac9f\" data-element_type=\"widget\" data-e-type=\"widget\" data-widget_type=\"text-editor.default\">\n\t\t\t\t\t\t\t\t\t<p>Le 05 juillet 2026 \u00e0 17h00<br \/>Th\u00e9\u00e2tre Claude Debussy \u00e0 Cannes<br \/>Tarif adh\u00e9rents : 40 \u20ac<br \/>Tarif normal : 50 \u20ac<\/p>\t\t\t\t\t\t\t\t<\/div>\n\t\t\t\t<div class=\"elementor-element elementor-element-86d4c2d elementor-align-left elementor-widget elementor-widget-button\" data-id=\"86d4c2d\" data-element_type=\"widget\" data-e-type=\"widget\" data-widget_type=\"button.default\">\n\t\t\t\t\t\t\t\t\t\t<a class=\"elementor-button elementor-button-link elementor-size-sm\" href=\"https:\/\/share-arts.org\/?page_id=476\">\n\t\t\t\t\t\t<span class=\"elementor-button-content-wrapper\">\n\t\t\t\t\t\t\t\t\t<span class=\"elementor-button-text\">R\u00e9server<\/span>\n\t\t\t\t\t<\/span>\n\t\t\t\t\t<\/a>\n\t\t\t\t\t\t\t\t<\/div>\n\t\t\t\t<\/div>\n\t\t\t\t\t<\/div>\n\t\t\t\t<\/div>\n\t\t\t\t<\/div>\n\t\t","protected":false},"excerpt":{"rendered":"<p>Share Arts, soir\u00e9e de lancement. Le 28 mai 2026 de 18h \u00e0 21hA l&rsquo;Atelier Artistique\u00a01237Chemin de l&rsquo;Espagnol \u00e0 Mougins R\u00e9serv\u00e9 aux adh\u00e9rents R\u00e9servez Au revoir Benjamin : r\u00e9p\u00e9tition g\u00e9n\u00e9rale Le 03 juillet 2026 \u00e0 15h30Salle des Arlucs \u00e0 Cannes Tarif adh\u00e9rents\u00a0 \u00a0 \u00a0 \u00a040\u20acTarif normal\u00a0 \u00a0 \u00a0 \u00a0 \u00a0 \u00a0 45\u20ac R\u00e9servez Au revoir Benjamin [&hellip;]<\/p>\n","protected":false},"author":2,"featured_media":0,"parent":0,"menu_order":0,"comment_status":"closed","ping_status":"closed","template":"","meta":{"footnotes":""},"class_list":["post-446","page","type-page","status-publish","hentry"],"_links":{"self":[{"href":"https:\/\/share-arts.org\/index.php?rest_route=\/wp\/v2\/pages\/446","targetHints":{"allow":["GET"]}}],"collection":[{"href":"https:\/\/share-arts.org\/index.php?rest_route=\/wp\/v2\/pages"}],"about":[{"href":"https:\/\/share-arts.org\/index.php?rest_route=\/wp\/v2\/types\/page"}],"author":[{"embeddable":true,"href":"https:\/\/share-arts.org\/index.php?rest_route=\/wp\/v2\/users\/2"}],"replies":[{"embeddable":true,"href":"https:\/\/share-arts.org\/index.php?rest_route=%2Fwp%2Fv2%2Fcomments&post=446"}],"version-history":[{"count":25,"href":"https:\/\/share-arts.org\/index.php?rest_route=\/wp\/v2\/pages\/446\/revisions"}],"predecessor-version":[{"id":504,"href":"https:\/\/share-arts.org\/index.php?rest_route=\/wp\/v2\/pages\/446\/revisions\/504"}],"wp:attachment":[{"href":"https:\/\/share-arts.org\/index.php?rest_route=%2Fwp%2Fv2%2Fmedia&parent=446"}],"curies":[{"name":"wp","href":"https:\/\/api.w.org\/{rel}","templated":true}]}}